{"id":18,"date":"2017-06-30T09:48:28","date_gmt":"2017-06-30T09:48:28","guid":{"rendered":"http:\/\/www.nicdarkthemes.com\/themes\/hotel\/wp\/demo\/?page_id=18"},"modified":"2021-09-01T12:53:27","modified_gmt":"2021-09-01T16:53:27","slug":"ubicacion","status":"publish","type":"page","link":"http:\/\/hostalcaulle.cl\/pt\/ubicacion\/","title":{"rendered":"Localiza\u00e7\u00e3o"},"content":{"rendered":"<div class=\"vc_row wpb_row vc_row-fluid\"><div class=\"wpb_column vc_column_container vc_col-sm-6\"><div class=\"vc_column-inner vc_custom_1467214267244\"><div class=\"wpb_wrapper\"> <h2 style=\"color:; padding:px; text-align:; font-size:25px; line-height:25px; letter-spacing: px; font-weight:normal;\" class=\"nd_options_first_font\">Contato<\/h2> \n\n\n  <div class=\"nd_options_section  nd_options_display_table\">\n    <div class=\"nd_options_display_table_cell nd_options_vertical_align_middle nd_options_width_50_percentage nd_options_text_align_left nd_options_padding_10 nd_options_box_sizing_border_box\">\n      <p class=\"nd_options_second_font nd_options_margin_0 nd_options_padding_0\" style=\"color:#727475;\">Dire\u00e7\u00e3o:<\/p>\n    <\/div>\n    <div class=\"nd_options_display_table_cell nd_options_vertical_align_middle nd_options_width_50_percentage nd_options_text_align_right nd_options_padding_10 nd_options_box_sizing_border_box\">\n      <p class=\"nd_options_second_font nd_options_margin_0 nd_options_padding_0\" style=\"color:#a3a3a3;\">Independencia #1230, Rio Bueno, Regi\u00e3o de Los R\u00edos<\/p>\n    <\/div>\n  <\/div>\n\n\n   <div style=\"background-color:#f1f1f1; height: 1px;\" class=\"nicdark_section\"><\/div><div style=\"background-color:; height: 20px;\" class=\"nicdark_section\"><\/div>\n\n\n  <div class=\"nd_options_section  nd_options_display_table\">\n    <div class=\"nd_options_display_table_cell nd_options_vertical_align_middle nd_options_width_50_percentage nd_options_text_align_left nd_options_padding_10 nd_options_box_sizing_border_box\">\n      <p class=\"nd_options_second_font nd_options_margin_0 nd_options_padding_0\" style=\"color:#727475;\">Telefone:<\/p>\n    <\/div>\n    <div class=\"nd_options_display_table_cell nd_options_vertical_align_middle nd_options_width_50_percentage nd_options_text_align_right nd_options_padding_10 nd_options_box_sizing_border_box\">\n      <p class=\"nd_options_second_font nd_options_margin_0 nd_options_padding_0\" style=\"color:#a3a3a3;\">+569 665 86944<\/p>\n    <\/div>\n  <\/div>\n\n\n   <div style=\"background-color:#f1f1f1; height: 1px;\" class=\"nicdark_section\"><\/div>\n\n\n  <div class=\"nd_options_section  nd_options_display_table\">\n    <div class=\"nd_options_display_table_cell nd_options_vertical_align_middle nd_options_width_50_percentage nd_options_text_align_left nd_options_padding_10 nd_options_box_sizing_border_box\">\n      <p class=\"nd_options_second_font nd_options_margin_0 nd_options_padding_0\" style=\"color:#727475;\">Enviar:<\/p>\n    <\/div>\n    <div class=\"nd_options_display_table_cell nd_options_vertical_align_middle nd_options_width_50_percentage nd_options_text_align_right nd_options_padding_10 nd_options_box_sizing_border_box\">\n      <p class=\"nd_options_second_font nd_options_margin_0 nd_options_padding_0\" style=\"color:#a3a3a3;\">info@hostalcaulle.cl<\/p>\n    <\/div>\n  <\/div>\n\n\n   <div style=\"background-color:; height: 35px;\" class=\"nicdark_section\"><\/div>\n\t<div class=\"wpb_text_column wpb_content_element\" >\n\t\t<div class=\"wpb_wrapper\">\n\t\t\t<p>Para reservas e consultas, n\u00e3o hesite em nos contatar pelo telefone +56966586944<\/p>\n\n\t\t<\/div>\n\t<\/div>\n<div style=\"background-color:; height: 20px;\" class=\"nicdark_section\"><\/div><\/div><\/div><\/div><div class=\"wpb_column vc_column_container vc_col-sm-6\"><div class=\"vc_column-inner vc_custom_1467214272039\"><div class=\"wpb_wrapper\"><div class=\"wpb_gmaps_widget wpb_content_element\"><div class=\"wpb_wrapper\"><div class=\"wpb_map_wraper\"><iframe src=\"https:\/\/www.google.com\/maps\/embed?pb=!1m18!1m12!1m3!1d3041.360182366037!2d-72.9564918846066!3d-40.33435527937484!2m3!1f0!2f0!3f0!3m2!1i1024!2i768!4f13.1!3m3!1m2!1s0x9616427ba8f11f8d%3A0x3b4e614561e00888!2sIndependencia%201230%2C%20Rio%20Bueno%2C%20R%C3%ADo%20Bueno%2C%20Los%20R%C3%ADos!5e0!3m2!1ses!2scl!4v1608549359747!5m2!1ses!2scl\" width=\"600\" height=\"500\" frameborder=\"0\" style=\"border:0;\" allowfullscreen=\"\" aria-hidden=\"false\" tabindex=\"0\"><\/iframe><\/div><\/div><\/div><div style=\"background-color:; height: 25px;\" class=\"nicdark_section\"><\/div><div class=\"vc_row wpb_row vc_inner vc_row-fluid\"><div class=\"wpb_column vc_column_container vc_col-sm-12\"><div class=\"vc_column-inner\"><div class=\"wpb_wrapper\"><\/div><\/div><\/div><\/div> <h5 style=\"color:#a3a3a3; padding:px; text-align:; font-size:12px; line-height:12px; letter-spacing: 2px; font-weight:lighter;\" class=\"nd_options_second_font\">DISPON\u00cdVEL DAS 06:00 \u00c0S 23:00 HRS<\/h5> <div style=\"background-color:; height: 10px;\" class=\"nicdark_section\"><\/div>\n    <div class=\"nd_options_section nd_options_line_height_0  nd_options_text_align_left\">\n        <span style=\"height:1px; width:30px; background-color:#a3a3a3;\" class=\"nd_options_display_inline_block\"><\/span>\n    <\/div>\n   <div style=\"background-color:; height: 10px;\" class=\"nicdark_section\"><\/div> <h3 style=\"color:#727475; padding:px; text-align:; font-size:60px; line-height:60px; letter-spacing: px; font-weight:normal;\" class=\"nd_options_first_font\">+569 665 86944<\/h3> <\/div><\/div><\/div><\/div>","protected":false},"excerpt":{"rendered":"Endere\u00e7o de contato: Independencia #1230, R\u00edo Bueno, Regi\u00e3o de Los R\u00edos Telefone: +569 665 86944 Email: info@hostalcaulle.cl Para reservas e consultas, n\u00e3o hesite em nos contatar em +56966586944 DISPON\u00cdVEL DAS 06:00 \u00c0S 23:00 HRS + 569 665 86944","protected":false},"author":1,"featured_media":0,"parent":0,"menu_order":0,"comment_status":"closed","ping_status":"closed","template":"","meta":[],"_links":{"self":[{"href":"http:\/\/hostalcaulle.cl\/pt\/wp-json\/wp\/v2\/pages\/18"}],"collection":[{"href":"http:\/\/hostalcaulle.cl\/pt\/wp-json\/wp\/v2\/pages"}],"about":[{"href":"http:\/\/hostalcaulle.cl\/pt\/wp-json\/wp\/v2\/types\/page"}],"author":[{"embeddable":true,"href":"http:\/\/hostalcaulle.cl\/pt\/wp-json\/wp\/v2\/users\/1"}],"replies":[{"embeddable":true,"href":"http:\/\/hostalcaulle.cl\/pt\/wp-json\/wp\/v2\/comments?post=18"}],"version-history":[{"count":15,"href":"http:\/\/hostalcaulle.cl\/pt\/wp-json\/wp\/v2\/pages\/18\/revisions"}],"predecessor-version":[{"id":2500,"href":"http:\/\/hostalcaulle.cl\/pt\/wp-json\/wp\/v2\/pages\/18\/revisions\/2500"}],"wp:attachment":[{"href":"http:\/\/hostalcaulle.cl\/pt\/wp-json\/wp\/v2\/media?parent=18"}],"curies":[{"name":"wp","href":"https:\/\/api.w.org\/{rel}","templated":true}]}}