{"id":2569,"date":"2021-09-07T12:24:38","date_gmt":"2021-09-07T15:24:38","guid":{"rendered":"https:\/\/hostalcaulle.cl\/?page_id=2569"},"modified":"2021-09-08T11:06:06","modified_gmt":"2021-09-08T14:06:06","slug":"atractivos-turisticos","status":"publish","type":"page","link":"http:\/\/hostalcaulle.cl\/pt\/atractivos-turisticos\/","title":{"rendered":"Atrativos tur\u00edsticos"},"content":{"rendered":"<div class=\"vc_row wpb_row vc_row-fluid\"><div class=\"wpb_column vc_column_container vc_col-sm-12\"><div class=\"vc_column-inner\"><div class=\"wpb_wrapper\">\n\t<div class=\"wpb_text_column wpb_content_element\" >\n\t\t<div class=\"wpb_wrapper\">\n\t\t\t<p>A Bacia do Lago Ranco se tornou um destino imperd\u00edvel dentro da regi\u00e3o de Los R\u00edos, ideal para quem busca desfrutar e se conectar com a natureza. Se voc\u00ea \u00e9 um deles, sugerimos que visite esses lugares incr\u00edveis e leve entre suas mem\u00f3rias, um lindo cart\u00e3o postal da nossa regi\u00e3o.<\/p>\n\n\t\t<\/div>\n\t<\/div>\n<div style=\"background-color:; height: 30px;\" class=\"nicdark_section\"><\/div><\/div><\/div><\/div><\/div><div class=\"vc_row wpb_row vc_row-fluid\"><div class=\"wpb_column vc_column_container vc_col-sm-4\"><div class=\"vc_column-inner\"><div class=\"wpb_wrapper\">\n\n  <!--START FOCUS-->\n  <div class=\"nd_options_section nd_options_position_relative\">\n                      \n      <img alt=\"\" class=\"nd_options_section\" src=\"https:\/\/hostalcaulle.cl\/wp-content\/uploads\/2021\/09\/Saltos-del-Rininahue-2-1024x675.jpeg\">\n\n      <div class=\"nd_options_bg_greydark_alpha_gradient nd_options_position_absolute nd_options_left_0 nd_options_height_100_percentage nd_options_width_100_percentage nd_options_padding_30 nd_options_box_sizing_border_box\">\n          \n          <div class=\"nd_options_display_table nd_options_width_100_percentage nd_options_height_100_percentage nd_options_text_align_center\">\n          \n              <div class=\"nd_options_display_table_cell nd_options_vertical_align_bottom\">\n            \n                <a rel=\"\" title=\"\" target=\"_self\" class=\"nd_options_color_white\" href=\"https:\/\/www.tripadvisor.cl\/Attraction_Review-g2485061-d17634948-Reviews-Saltos_de_Rininahue-Lago_Ranco_Los_Rios_Region.html\">\n                  <h4 class=\"nd_options_margin_0_important nd_options_color_white nd_options_color_white nd_options_second_font nd_options_letter_spacing_3 nd_options_font_weight_lighter\">\n                    RI\u00d1INAHUE JUMPS\n                  <\/h4>\n                <\/a>\n\n              <\/div>\n\n          <\/div>\n\n      <\/div>\n\n  <\/div>\n  <!--END FOCUS-->\n                \n\n   <\/div><\/div><\/div><div class=\"wpb_column vc_column_container vc_col-sm-4\"><div class=\"vc_column-inner\"><div class=\"wpb_wrapper\">\n\n  <!--START FOCUS-->\n  <div class=\"nd_options_section nd_options_position_relative\">\n                      \n      <img alt=\"\" class=\"nd_options_section\" src=\"https:\/\/hostalcaulle.cl\/wp-content\/uploads\/2021\/09\/Piedra-Mesa-1024x683.jpg\">\n\n      <div class=\"nd_options_bg_greydark_alpha_gradient nd_options_position_absolute nd_options_left_0 nd_options_height_100_percentage nd_options_width_100_percentage nd_options_padding_30 nd_options_box_sizing_border_box\">\n          \n          <div class=\"nd_options_display_table nd_options_width_100_percentage nd_options_height_100_percentage nd_options_text_align_center\">\n          \n              <div class=\"nd_options_display_table_cell nd_options_vertical_align_bottom\">\n            \n                <a rel=\"\" title=\"\" target=\"_self\" class=\"nd_options_color_white\" href=\"https:\/\/www.tripadvisor.cl\/Attraction_Review-g2485061-d6940814-Reviews-Piedra_Mesa_Viewpoint-Lago_Ranco_Los_Rios_Region.html\">\n                  <h4 class=\"nd_options_margin_0_important nd_options_color_white nd_options_color_white nd_options_second_font nd_options_letter_spacing_3 nd_options_font_weight_lighter\">\n                    PONTO DE VISTA DA TABELA DE PEDRA\n                  <\/h4>\n                <\/a>\n\n              <\/div>\n\n          <\/div>\n\n      <\/div>\n\n  <\/div>\n  <!--END FOCUS-->\n                \n\n   <\/div><\/div><\/div><div class=\"wpb_column vc_column_container vc_col-sm-4\"><div class=\"vc_column-inner\"><div class=\"wpb_wrapper\">\n\n  <!--START FOCUS-->\n  <div class=\"nd_options_section nd_options_position_relative\">\n                      \n      <img alt=\"\" class=\"nd_options_section\" src=\"https:\/\/hostalcaulle.cl\/wp-content\/uploads\/2021\/09\/Salto-Pichi-Ignao-1-1024x683.jpg\">\n\n      <div class=\"nd_options_bg_greydark_alpha_gradient nd_options_position_absolute nd_options_left_0 nd_options_height_100_percentage nd_options_width_100_percentage nd_options_padding_30 nd_options_box_sizing_border_box\">\n          \n          <div class=\"nd_options_display_table nd_options_width_100_percentage nd_options_height_100_percentage nd_options_text_align_center\">\n          \n              <div class=\"nd_options_display_table_cell nd_options_vertical_align_bottom\">\n            \n                <a rel=\"\" title=\"\" target=\"_self\" class=\"nd_options_color_white\" href=\"https:\/\/www.google.com\/search?q=saltos%20de%20pichi%20ignao&oq=SALTOS+DE+PICHI&aqs=chrome.0.69i59i512j69i57j0i512j69i59j0i22i30l2.7730j0j4&sourceid=chrome&ie=UTF-8&tbs=lf:1,lf_ui:1&tbm=lcl&rflfq=1&num=10&rldimm=6380811070011669020&lqi=ChVzYWx0b3MgZGUgcGljaGkgaWduYW9I_c3tsJitgIAIWh8QABgAGAIYAyIVc2FsdG9zIGRlIHBpY2hpIGlnbmFvkgESdG91cmlzdF9hdHRyYWN0aW9umgEjQ2haRFNVaE5NRzluUzBWSlEwRm5TVU5MYzNaMVdXSjNFQUWqAQ4QASoKIgZzYWx0b3MoDg&phdesc=NFbGz-7fq1I&ved=2ahUKEwjMoc39l-3yAhWiHLkGHW18DrMQvS4wAHoECAYQKg&rlst=f#rlfi=hd:;si:6380811070011669020,l,ChVzYWx0b3MgZGUgcGljaGkgaWduYW9I_c3tsJitgIAIWh8QABgAGAIYAyIVc2FsdG9zIGRlIHBpY2hpIGlnbmFvkgESdG91cmlzdF9hdHRyYWN0aW9umgEjQ2haRFNVaE5NRzluUzBWSlEwRm5TVU5MYzNaMVdXSjNFQUWqAQ4QASoKIgZzYWx0b3MoDg,y,NFbGz-7fq1I;mv:[[-40.327716699999996,-72.19565089999999],[-40.3852695,-72.57515149999999]];tbs:lrf:!1m4!1u3!2m2!3m1!1e1!1m4!1u2!2m2!2m1!1e1!2m1!1e2!2m1!1e3!3sIAE,lf:1,lf_ui:1\">\n                  <h4 class=\"nd_options_margin_0_important nd_options_color_white nd_options_color_white nd_options_second_font nd_options_letter_spacing_3 nd_options_font_weight_lighter\">\n                    PICHI IGNAO JUMPS\n                  <\/h4>\n                <\/a>\n\n              <\/div>\n\n          <\/div>\n\n      <\/div>\n\n  <\/div>\n  <!--END FOCUS-->\n                \n\n   <\/div><\/div><\/div><\/div><div class=\"vc_row wpb_row vc_row-fluid\"><div class=\"wpb_column vc_column_container vc_col-sm-12\"><div class=\"vc_column-inner\"><div class=\"wpb_wrapper\"><div style=\"background-color:; height: 20px;\" class=\"nicdark_section\"><\/div><\/div><\/div><\/div><\/div><div class=\"vc_row wpb_row vc_row-fluid\"><div class=\"wpb_column vc_column_container vc_col-sm-4\"><div class=\"vc_column-inner\"><div class=\"wpb_wrapper\">\n\n  <!--START FOCUS-->\n  <div class=\"nd_options_section nd_options_position_relative\">\n                      \n      <img alt=\"\" class=\"nd_options_section\" src=\"https:\/\/hostalcaulle.cl\/wp-content\/uploads\/2021\/09\/fuerte-puente-y-rio-negro5.jpg\">\n\n      <div class=\"nd_options_bg_greydark_alpha_gradient nd_options_position_absolute nd_options_left_0 nd_options_height_100_percentage nd_options_width_100_percentage nd_options_padding_30 nd_options_box_sizing_border_box\">\n          \n          <div class=\"nd_options_display_table nd_options_width_100_percentage nd_options_height_100_percentage nd_options_text_align_center\">\n          \n              <div class=\"nd_options_display_table_cell nd_options_vertical_align_bottom\">\n            \n                <a rel=\"\" title=\"\" target=\"_self\" class=\"nd_options_color_white\" href=\"https:\/\/www.google.com\/maps\/dir\/-40.3331573,-72.9560983\/fuerte+san+jos%C3%A9+de+alcudia\/@-40.3312176,-72.9568765,17z\/data=!3m1!4b1!4m9!4m8!1m1!4e1!1m5!1m1!1s0x96164278df1cd011:0x2689192f4c96724f!2m2!1d-72.9532052!2d-40.3292667\">\n                  <h4 class=\"nd_options_margin_0_important nd_options_color_white nd_options_color_white nd_options_second_font nd_options_letter_spacing_3 nd_options_font_weight_lighter\">\n                    FORT SAN JOS\u00c9 DE ALCUDIA\n                  <\/h4>\n                <\/a>\n\n              <\/div>\n\n          <\/div>\n\n      <\/div>\n\n  <\/div>\n  <!--END FOCUS-->\n                \n\n   <\/div><\/div><\/div><div class=\"wpb_column vc_column_container vc_col-sm-4\"><div class=\"vc_column-inner\"><div class=\"wpb_wrapper\">\n\n  <!--START FOCUS-->\n  <div class=\"nd_options_section nd_options_position_relative\">\n                      \n      <img alt=\"\" class=\"nd_options_section\" src=\"https:\/\/hostalcaulle.cl\/wp-content\/uploads\/2021\/09\/QUILLIN-1024x684.jpg\">\n\n      <div class=\"nd_options_bg_greydark_alpha_gradient nd_options_position_absolute nd_options_left_0 nd_options_height_100_percentage nd_options_width_100_percentage nd_options_padding_30 nd_options_box_sizing_border_box\">\n          \n          <div class=\"nd_options_display_table nd_options_width_100_percentage nd_options_height_100_percentage nd_options_text_align_center\">\n          \n              <div class=\"nd_options_display_table_cell nd_options_vertical_align_bottom\">\n            \n                <a rel=\"\" title=\"\" target=\"_self\" class=\"nd_options_color_white\" href=\"https:\/\/viveelranco.cl\/?servicio=272-bosque-quillin-como-sacado-de-un-cuento\">\n                  <h4 class=\"nd_options_margin_0_important nd_options_color_white nd_options_color_white nd_options_second_font nd_options_letter_spacing_3 nd_options_font_weight_lighter\">\n                    QUILL\u00cdN FOREST\n                  <\/h4>\n                <\/a>\n\n              <\/div>\n\n          <\/div>\n\n      <\/div>\n\n  <\/div>\n  <!--END FOCUS-->\n                \n\n   <\/div><\/div><\/div><div class=\"wpb_column vc_column_container vc_col-sm-4\"><div class=\"vc_column-inner\"><div class=\"wpb_wrapper\">\n\n  <!--START FOCUS-->\n  <div class=\"nd_options_section nd_options_position_relative\">\n                      \n      <img alt=\"\" class=\"nd_options_section\" src=\"https:\/\/hostalcaulle.cl\/wp-content\/uploads\/2021\/09\/WhatsApp-Image-2021-09-07-at-15.42.53-1024x682.jpeg\">\n\n      <div class=\"nd_options_bg_greydark_alpha_gradient nd_options_position_absolute nd_options_left_0 nd_options_height_100_percentage nd_options_width_100_percentage nd_options_padding_30 nd_options_box_sizing_border_box\">\n          \n          <div class=\"nd_options_display_table nd_options_width_100_percentage nd_options_height_100_percentage nd_options_text_align_center\">\n          \n              <div class=\"nd_options_display_table_cell nd_options_vertical_align_bottom\">\n            \n                <a rel=\"\" title=\"\" target=\"_self\" class=\"nd_options_color_white\" href=\"https:\/\/www.google.com\/search?q=PARQUE%20ALERCE%20COSTERO&oq=PARQUE+ALERCE+COSTERO&aqs=chrome..69i57j0i512l2j0i22i30l7.5341j0j4&sourceid=chrome&ie=UTF-8&tbs=lf:1,lf_ui:1&tbm=lcl&rflfq=1&num=10&rldimm=4967534514247399822&lqi=ChVQQVJRVUUgQUxFUkNFIENPU1RFUk9IjOHpK1ojEAAQARACGAAYARgCIhVwYXJxdWUgYWxlcmNlIGNvc3Rlcm-SAQ1uYXRpb25hbF9wYXJr&phdesc=KHwpNgdSVnI&ved=2ahUKEwipiPGuwu3yAhUoHbkGHW15DIgQvS4wAHoECAMQGg&rlst=f#rlfi=hd:;si:4967534514247399822,l,ChVQQVJRVUUgQUxFUkNFIENPU1RFUk9IjOHpK1ojEAAQARACGAAYARgCIhVwYXJxdWUgYWxlcmNlIGNvc3Rlcm-SAQ1uYXRpb25hbF9wYXJr,y,KHwpNgdSVnI;mv:[[-40.0387311,-73.34208679999999],[-40.2030202,-73.43921519999999]];tbs:lrf:!1m4!1u2!2m2!2m1!1e1!2m1!1e2!3sIAE,lf:1,lf_ui:1\">\n                  <h4 class=\"nd_options_margin_0_important nd_options_color_white nd_options_color_white nd_options_second_font nd_options_letter_spacing_3 nd_options_font_weight_lighter\">\n                    PARQUE NACIONAL ALERCE COSTERO\n                  <\/h4>\n                <\/a>\n\n              <\/div>\n\n          <\/div>\n\n      <\/div>\n\n  <\/div>\n  <!--END FOCUS-->\n                \n\n   <\/div><\/div><\/div><\/div><div class=\"vc_row wpb_row vc_row-fluid\"><div class=\"wpb_column vc_column_container vc_col-sm-12\"><div class=\"vc_column-inner\"><div class=\"wpb_wrapper\"><\/div><\/div><\/div><\/div>","protected":false},"excerpt":{"rendered":"A Bacia do Lago Ranco tornou-se um destino imperd\u00edvel na regi\u00e3o de Los R\u00edos, ideal para quem procura desfrutar e se conectar com a natureza. Se voc\u00ea \u00e9 um desses, sugerimos que visite esses lugares incr\u00edveis e leve entre suas lembran\u00e7as, um lindo cart\u00e3o postal da nossa regi\u00e3o. CACHOEIRAS DE RI\u00d1INAHUE PONTO DE VISTA PIEDRA [...]","protected":false},"author":2,"featured_media":0,"parent":0,"menu_order":0,"comment_status":"closed","ping_status":"closed","template":"","meta":[],"_links":{"self":[{"href":"http:\/\/hostalcaulle.cl\/pt\/wp-json\/wp\/v2\/pages\/2569"}],"collection":[{"href":"http:\/\/hostalcaulle.cl\/pt\/wp-json\/wp\/v2\/pages"}],"about":[{"href":"http:\/\/hostalcaulle.cl\/pt\/wp-json\/wp\/v2\/types\/page"}],"author":[{"embeddable":true,"href":"http:\/\/hostalcaulle.cl\/pt\/wp-json\/wp\/v2\/users\/2"}],"replies":[{"embeddable":true,"href":"http:\/\/hostalcaulle.cl\/pt\/wp-json\/wp\/v2\/comments?post=2569"}],"version-history":[{"count":6,"href":"http:\/\/hostalcaulle.cl\/pt\/wp-json\/wp\/v2\/pages\/2569\/revisions"}],"predecessor-version":[{"id":2596,"href":"http:\/\/hostalcaulle.cl\/pt\/wp-json\/wp\/v2\/pages\/2569\/revisions\/2596"}],"wp:attachment":[{"href":"http:\/\/hostalcaulle.cl\/pt\/wp-json\/wp\/v2\/media?parent=2569"}],"curies":[{"name":"wp","href":"https:\/\/api.w.org\/{rel}","templated":true}]}}