{"id":3132,"date":"2021-11-19T09:19:43","date_gmt":"2021-11-19T12:19:43","guid":{"rendered":"https:\/\/hostalcaulle.cl\/?page_id=3132"},"modified":"2021-11-19T09:27:13","modified_gmt":"2021-11-19T12:27:13","slug":"sustentabilidad","status":"publish","type":"page","link":"http:\/\/hostalcaulle.cl\/pt\/sustentabilidad\/","title":{"rendered":"Sustentabilidade"},"content":{"rendered":"<p><strong>Hostal Caulle<\/strong> compromete-se a minimizar os riscos de sua opera\u00e7\u00e3o nas esferas ambiental, sociocultural e econ\u00f4mica. Assumimos a responsabilidade pelo desenvolvimento sustent\u00e1vel da Bacia do Lago Ranco, procurando assumir novos desafios, comprometendo-nos a:<\/p>\n<p>&nbsp;<\/p>\n<p><strong><em>Meio Ambiente<\/em><\/strong><\/p>\n<p>Minimize a gera\u00e7\u00e3o de res\u00edduos e fa\u00e7a uma gest\u00e3o respons\u00e1vel com eles.<\/p>\n<p>Promover e inculcar a efici\u00eancia energ\u00e9tica e h\u00eddrica.<\/p>\n<p>Promover e mostrar a consci\u00eancia do meio ambiente.<\/p>\n<p>Contribuir para o desenvolvimento sustent\u00e1vel da Bacia do Lago Ranco.<\/p>\n<p>&nbsp;<\/p>\n<p><strong><em>parceiro cultural<\/em><\/strong><\/p>\n<p>N\u00e3o promova a explora\u00e7\u00e3o de seres humanos em nenhuma de suas formas, especialmente e em particular a explora\u00e7\u00e3o sexual quando atingir meninos e meninas adolescentes, tanto dentro da empresa quanto de seus fornecedores, visitantes, turistas e na comunidade.<\/p>\n<p>Fornecer informa\u00e7\u00f5es relevantes, atuais e genu\u00ednas aos nossos h\u00f3spedes.<\/p>\n<p>Crie redes com empreendedores da comunidade local.<\/p>\n<p>Respeito \u00e0s comunidades locais e especialmente aos membros dos povos nativos.<\/p>\n<p>&nbsp;<\/p>\n<p><strong><em>Econ\u00f4mico<\/em><\/strong><\/p>\n<p>Estimular a economia local atrav\u00e9s do desenvolvimento do turismo sustent\u00e1vel da Bacia do Lago Ranco.<\/p>\n<p>Aderir a 5 princ\u00edpios do com\u00e9rcio justo:<\/p>\n<ol>\n<li>Promo\u00e7\u00e3o do com\u00e9rcio justo.<\/li>\n<li>Respeito ao meio ambiente.<\/li>\n<li>N\u00e3o ao trabalho infantil, n\u00e3o ao trabalho for\u00e7ado.<\/li>\n<li>Desenvolvimento de capacidade.<\/li>\n<li>Oportunidade para produtores desfavorecidos.<\/li>\n<\/ol>\n<p>&nbsp;<\/p>\n<p><strong><u>Pol\u00edtica de Fornecimento<\/u><\/strong><\/p>\n<p>&nbsp;<\/p>\n<p>A Hostal Caulle compromete-se a aplicar esta pol\u00edtica adotando os aspetos ambientais, socioculturais e econ\u00f3micos nos seus processos de contrata\u00e7\u00e3o de fornecedores e\/ou produtores de forma a contribuir para o cumprimento da pol\u00edtica de sustentabilidade corporativa e favorecer o crescimento do neg\u00f3cio no quadro de uma desenvolvimento. Fazer altera\u00e7\u00f5es, melhorias ou aquisi\u00e7\u00f5es considerando os seguintes prop\u00f3sitos:<\/p>\n<p>&nbsp;<\/p>\n<p><strong>prop\u00f3sitos <\/strong><\/p>\n<p><strong>\u00a0<\/strong><\/p>\n<ul>\n<li>Ter um sistema de compras sustent\u00e1vel, privilegiar produtos amigos do ambiente e\/ou biodegrad\u00e1veis.<\/li>\n<li>Cria\u00e7\u00e3o de um sistema de compra de bebidas retorn\u00e1veis dentro do hostel, onde os h\u00f3spedes podem solicitar o recipiente na recep\u00e7\u00e3o ou refeit\u00f3rio, para reduzir o uso de recipientes descart\u00e1veis.<\/li>\n<li>Gera\u00e7\u00e3o de alian\u00e7as com produtores de artesanato e\/ou alimentos da regi\u00e3o para vender seus produtos dentro da pousada.<\/li>\n<li>Prefer\u00eancia por fornecedores da regi\u00e3o.<\/li>\n<li>Mantenha um registro de compras mensal e anual que contenha, no m\u00ednimo, os detalhes do produto adquirido, dados da empresa e valor mensal dos produtos.<\/li>\n<li>Proporcionar e seguir o princ\u00edpio do com\u00e9rcio justo \u201cOportunidades para produtores desfavorecidos\u201d da Prov\u00edncia de Ranco, garantindo seu reconhecimento nos produtos comercializados na pousada.<\/li>\n<li>Gerar padr\u00f5es de \u00e9tica, transpar\u00eancia, confian\u00e7a e responsabilidade nas rela\u00e7\u00f5es como empresa com seus fornecedores.<\/li>\n<li>Gerar gest\u00e3o de qualidade, sa\u00fade, seguran\u00e7a, meio ambiente, efici\u00eancia energ\u00e9tica e continuidade de neg\u00f3cios para aprimorar constantemente o modelo de fornecimento.<\/li>\n<\/ul>\n<p><strong>\u00a0<\/strong><\/p>\n<p><strong>Respons\u00e1vel<\/strong><\/p>\n<p>Alta dire\u00e7\u00e3o, colaboradores, fornecedores e\/ou produtores.<\/p>","protected":false},"excerpt":{"rendered":"<p>A Hostal Caulle est\u00e1 comprometida em minimizar os riscos de sua opera\u00e7\u00e3o nas esferas ambiental, sociocultural e econ\u00f4mica. Assumimos a responsabilidade pelo desenvolvimento sustent\u00e1vel da Bacia do Lago Ranco, buscando assumir novos desafios, comprometendo-nos com: Meio Ambiente Minimizar a gera\u00e7\u00e3o de res\u00edduos e realizar uma gest\u00e3o respons\u00e1vel dos mesmos. Promova e [\u2026]<\/p>","protected":false},"author":2,"featured_media":0,"parent":0,"menu_order":0,"comment_status":"closed","ping_status":"closed","template":"","meta":[],"_links":{"self":[{"href":"http:\/\/hostalcaulle.cl\/pt\/wp-json\/wp\/v2\/pages\/3132"}],"collection":[{"href":"http:\/\/hostalcaulle.cl\/pt\/wp-json\/wp\/v2\/pages"}],"about":[{"href":"http:\/\/hostalcaulle.cl\/pt\/wp-json\/wp\/v2\/types\/page"}],"author":[{"embeddable":true,"href":"http:\/\/hostalcaulle.cl\/pt\/wp-json\/wp\/v2\/users\/2"}],"replies":[{"embeddable":true,"href":"http:\/\/hostalcaulle.cl\/pt\/wp-json\/wp\/v2\/comments?post=3132"}],"version-history":[{"count":4,"href":"http:\/\/hostalcaulle.cl\/pt\/wp-json\/wp\/v2\/pages\/3132\/revisions"}],"predecessor-version":[{"id":3188,"href":"http:\/\/hostalcaulle.cl\/pt\/wp-json\/wp\/v2\/pages\/3132\/revisions\/3188"}],"wp:attachment":[{"href":"http:\/\/hostalcaulle.cl\/pt\/wp-json\/wp\/v2\/media?parent=3132"}],"curies":[{"name":"wp","href":"https:\/\/api.w.org\/{rel}","templated":true}]}}