{"id":3200,"date":"2021-11-19T11:07:14","date_gmt":"2021-11-19T14:07:14","guid":{"rendered":"https:\/\/hostalcaulle.cl\/?page_id=3200"},"modified":"2021-11-19T11:07:14","modified_gmt":"2021-11-19T14:07:14","slug":"politicas-hostal-caulle","status":"publish","type":"page","link":"http:\/\/hostalcaulle.cl\/pt\/politicas-hostal-caulle\/","title":{"rendered":"Pol\u00edticas Hostal Caulle"},"content":{"rendered":"<p><strong><em>Check-in e Check-out<\/em><\/strong><\/p>\n<p>Hostal Caulle estabeleceu seu hor\u00e1rio de check-in a partir das 15:00 hrs. S<br \/>\ncheck-out at\u00e9 \u00e0s 11h00.<br \/>\nEarly Check in sujeito a disponibilidade e com as seguintes tarifas:<br \/>\n\u2022 Das 10h00 \u00e0s 13h00: 50% da tarifa<br \/>\n\u2022 Antes das 10h: 100% da tarifa<br \/>\nLate Check out sujeito a disponibilidade e com as seguintes tarifas:<br \/>\n\u2022 At\u00e9 \u00e0s 15h: 50% da tarifa<br \/>\n\u2022 Ap\u00f3s as 15h: 100% da tarifa<br \/>\nA recep\u00e7\u00e3o do hostel funciona das 07:30h \u00e0s 22:30h.<\/p>\n<p><em><strong>reservas individuais<\/strong><\/em><\/p>\n<p>Considera-se reserva individual de 1 a 4 quartos. Nossa resposta a<br \/>\npedido de reserva nas pr\u00f3ximas 24 horas \u00fateis ap\u00f3s a<br \/>\nsolicitar.<\/p>\n<p><strong><em>Cancelamentos para reservas individuais<\/em><\/strong><\/p>\n<p>Na alta temporada (de 15 de dezembro a 03 de mar\u00e7o), o cancelamento de<br \/>\na reserva sem custos at\u00e9 5 dias antes da chegada do h\u00f3spede. Na baixa temporada<br \/>\n(4 de mar\u00e7o a 14 de dezembro), o cancelamento \u00e9 permitido sem custos at\u00e9 72 horas<br \/>\nantes da chegada do h\u00f3spede.<br \/>\nEm caso de cancelamento tardio, ser\u00e1 feita a cobran\u00e7a equivalente \u00e0 primeira noite<br \/>\nde alojamento + IVA, em \u00e9poca baixa e 2 noites de alojamento + IVA em<br \/>\ntemporada alta. Se houver algum pr\u00e9-pagamento ou garantia feita por transfer\u00eancia<br \/>\nconta banc\u00e1ria, o reembolso ser\u00e1 feito desde que o cancelamento seja feito dentro do prazo<br \/>\nprazos estabelecidos em cada temporada, e ser\u00e3o reembolsados no prazo m\u00e1ximo<br \/>\n30 dias \u00fateis.<br \/>\nReservas de mais de 5 quartos ser\u00e3o consideradas como grupos e cotadas<br \/>\npontualmente, com prazo, pol\u00edticas especiais e cancelamento.<\/p>\n<p><strong><em>N\u00e3o comparecimento<\/em><\/strong><\/p>\n<p>Qualquer passageiro que n\u00e3o se apresente no hostel no dia da sua reserva, proceder\u00e1 \u00e0<br \/>\nTaxa de No Show correspondente a 1 noite em \u00e9poca baixa e 2 noites em<br \/>\ntemporada alta. Este pagamento ser\u00e1 feito em pesos e com fatura nacional, deixando o<br \/>\nreserva ativa para o n\u00famero total de noites reservadas somente at\u00e9 as 09h00 do dia<br \/>\nap\u00f3s a chegada original. Esta cobran\u00e7a ser\u00e1 feita ao titular do cart\u00e3o de cr\u00e9dito<br \/>\ndeixado em garantia ou \u00e0 empresa que est\u00e1 solicitando a reserva em particular.<\/p>\n<p><em><strong>Partida antecipada<\/strong><\/em><\/p>\n<p>As sa\u00eddas antecipadas ter\u00e3o uma penaliza\u00e7\u00e3o correspondente \u00e0 tarifa de 1 noite<br \/>\nna baixa temporada e 2 noites na alta temporada se n\u00e3o for dado aviso pr\u00e9vio de pelo menos 48 horas<br \/>\nantes da nova data de partida. Se corresponde a fazer uma devolu\u00e7\u00e3o de dinheiro e a sua<br \/>\nestadia foi paga por transfer\u00eancia, dinheiro ou cart\u00e3o de d\u00e9bito, o reembolso<br \/>\nser\u00e1 feito por transfer\u00eancia banc\u00e1ria para a conta do titular da reserva dentro de um prazo<br \/>\nm\u00e1ximo de 30 dias \u00fateis.<\/p>\n<p><em><strong>garantia<\/strong><\/em><\/p>\n<p>Ser\u00e1 solicitada uma transfer\u00eancia banc\u00e1ria ou cart\u00e3o de cr\u00e9dito para garantir a sua reserva,<br \/>\nao qual ser\u00e1 feita uma reten\u00e7\u00e3o no valor de uma noite em \u00e9poca baixa e duas<br \/>\nnoites em alta temporada, caso voc\u00ea cancele sua reserva dentro do prazo<br \/>\npermitido, a garantia ser\u00e1 reembolsada no prazo m\u00e1ximo de 30 dias \u00fateis.<br \/>\nEmpresas e ag\u00eancias sem cr\u00e9dito, devem fazer o pr\u00e9-pagamento do 100% do valor total<br \/>\nda reserva. O prazo m\u00e1ximo para tal pagamento \u00e9 de 5 dias antes da data de<br \/>\nchegada do h\u00f3spede. Caso contr\u00e1rio, a reserva ser\u00e1 cancelada.<br \/>\nEmpresas ou ag\u00eancias com cr\u00e9dito devem enviar um voucher ou e-mail, que garantir\u00e1<br \/>\na reserva e ser\u00e1 anexado \u00e0 fatura emitida.<\/p>\n<p><em><strong>Pol\u00edtica para crian\u00e7as<\/strong><\/em><\/p>\n<p>Uma crian\u00e7a at\u00e9 3 anos e 11 meses, gr\u00e1tis, compartilhando cama e quarto com seu<br \/>\npais. crian\u00e7as adicionais ou maiores de 4 anos pagam como passageiro adicional, sujeito<br \/>\n\u00e0 disponibilidade e condi\u00e7\u00f5es do hotel. Ber\u00e7os dispon\u00edveis gratuitamente, mediante solicita\u00e7\u00e3o e<br \/>\nsujeito a disponibilidade.<br \/>\nPassageiro Adicional<br \/>\nAs tarifas contemplam no m\u00e1ximo:<br \/>\n\u2022 Quarto Individual para 1 Pessoa<br \/>\n\u2022 Quartos Duplos para 1-2 Pessoas<br \/>\n\u2022 Quartos Triplos 2-3 Pax (Exceto o quarto 14 que pode acomodar<br \/>\nat\u00e9 4 pessoas.)<br \/>\nPassageiros adicionais a essa capacidade, que n\u00e3o est\u00e3o dentro da pol\u00edtica para crian\u00e7as,<br \/>\ndevem pagar um suplemento adicional de 30% do valor da tarifa, partilhando camas<br \/>\ne m\u00f3veis existentes. N\u00e3o \u00e9 poss\u00edvel adicionar uma cama extra.<\/p>\n<p><em><strong>Caf\u00e9 da manh\u00e3<\/strong><\/em><\/p>\n<p>A di\u00e1ria inclui servi\u00e7o de caf\u00e9 da manh\u00e3 servido no terceiro andar da pousada, tudo<br \/>\ndias das 08h00 \u00e0s 10h30, \u00e9 concedido ap\u00f3s pernoite no Hostel.<br \/>\nDevido \u00e0 crise de sa\u00fade causada pelo COVID 19, o servi\u00e7o de caf\u00e9 da manh\u00e3 foi<br \/>\nimplementado de forma que os h\u00f3spedes n\u00e3o tenham contato com utens\u00edlios<br \/>\ncomo a\u00e7ucareiros, leiteiras ou similares, as mesas ser\u00e3o montadas com tudo<br \/>\no que for necess\u00e1rio para o seu consumo, s\u00f3 serviremos p\u00e3o \u00e0 mesa de acordo com o que<br \/>\nexigir. A capacidade m\u00e1xima do local de pequeno-almo\u00e7o \u00e9 de 20 pessoas na Fase 4.<\/p>\n<p><strong><em>grupos<\/em><\/strong><\/p>\n<p>Reservas de 5 ou mais quartos como Grupo e ser\u00e3o tratadas com o seguinte<br \/>\npol\u00edticas:<br \/>\n\u2022 Data e disponibilidade garantidas com pagamento de 50% do total, n\u00e3o<br \/>\nreembols\u00e1vel em caso de cancelamento.<br \/>\n\u2022 Em caso de altera\u00e7\u00e3o de datas, ser\u00e1 respeitado o pagamento da nova reserva<br \/>\ndesde que a altera\u00e7\u00e3o seja feita com pelo menos 20 dias de anteced\u00eancia.<br \/>\nAs altera\u00e7\u00f5es subsequentes perdem a assinatura.<br \/>\n\u2022 Saldo do 50% deve ser pago pelo menos 96 horas antes do dep\u00f3sito do<br \/>\nos passageiros.<br \/>\n\u2022 O n\u00famero final de passageiros ser\u00e1 fechado 5 dias antes da entrada dos passageiros<br \/>\ne n\u00e3o pode ter varia\u00e7\u00e3o superior a 20% em rela\u00e7\u00e3o ao n\u00famero inicialmente<br \/>\ncitado. Ap\u00f3s esse per\u00edodo, o n\u00famero pode aumentar, mas n\u00e3o diminuir.<br \/>\n\u2022 A entidade contratante ser\u00e1 respons\u00e1vel por quaisquer danos incorridos pelo<br \/>\nh\u00f3spedes do Grupo, incluindo danos \u00e0 propriedade, roupas de cama e todos os<br \/>\npropriedade, o Hostal Caulle reserva-se o direito de solicitar um cart\u00e3o de cr\u00e9dito<br \/>\ncr\u00e9dito colateral.<\/p>\n<p><em><strong>Lei anti-tabaco<\/strong><\/em><\/p>\n<p>** Hostal Caulle \u00e9 um estabelecimento hoteleiro no qual e de acordo com a Lei<br \/>\nAnti-tabaco em vigor N\u00b020660, \u00e9 proibido fumar nas suas instala\u00e7\u00f5es, o<br \/>\no cumprimento desta Lei habilita o Hostal Caulle a fazer a respectiva reclama\u00e7\u00e3o<br \/>\npara Carabineros de Chile ou PDI.<br \/>\n** Hostal Caulle est\u00e1 aderido ao C\u00f3digo de Conduta para a Preven\u00e7\u00e3o de<br \/>\nExplora\u00e7\u00e3o Sexual Comercial de Crian\u00e7as e Adolescentes no Contexto da<br \/>\nViagens e turismo. \u201cESCNA\u201d<\/p>","protected":false},"excerpt":{"rendered":"<p>Check in e Check out Hostal Caulle estabeleceu seu hor\u00e1rio de check in a partir das 15:00 hrs. e check-out at\u00e9 \u00e0s 11:00 hrs. Early Check in sujeito a disponibilidade e com as seguintes tarifas: \u2022 Das 10h00 \u00e0s 13h00: 50% da tarifa \u2022 Antes das 10h00: 100% [\u2026]<\/p>","protected":false},"author":2,"featured_media":0,"parent":0,"menu_order":0,"comment_status":"closed","ping_status":"closed","template":"","meta":[],"_links":{"self":[{"href":"http:\/\/hostalcaulle.cl\/pt\/wp-json\/wp\/v2\/pages\/3200"}],"collection":[{"href":"http:\/\/hostalcaulle.cl\/pt\/wp-json\/wp\/v2\/pages"}],"about":[{"href":"http:\/\/hostalcaulle.cl\/pt\/wp-json\/wp\/v2\/types\/page"}],"author":[{"embeddable":true,"href":"http:\/\/hostalcaulle.cl\/pt\/wp-json\/wp\/v2\/users\/2"}],"replies":[{"embeddable":true,"href":"http:\/\/hostalcaulle.cl\/pt\/wp-json\/wp\/v2\/comments?post=3200"}],"version-history":[{"count":3,"href":"http:\/\/hostalcaulle.cl\/pt\/wp-json\/wp\/v2\/pages\/3200\/revisions"}],"predecessor-version":[{"id":3203,"href":"http:\/\/hostalcaulle.cl\/pt\/wp-json\/wp\/v2\/pages\/3200\/revisions\/3203"}],"wp:attachment":[{"href":"http:\/\/hostalcaulle.cl\/pt\/wp-json\/wp\/v2\/media?parent=3200"}],"curies":[{"name":"wp","href":"https:\/\/api.w.org\/{rel}","templated":true}]}}