{"id":1977,"date":"2021-02-09T18:31:37","date_gmt":"2021-02-09T21:31:37","guid":{"rendered":"https:\/\/hostalcaulle.cl\/?page_id=1977"},"modified":"2021-09-09T16:36:50","modified_gmt":"2021-09-09T19:36:50","slug":"protocolo-covid-19","status":"publish","type":"page","link":"https:\/\/hostalcaulle.cl\/pt\/protocolo-covid-19\/","title":{"rendered":"Covid 19"},"content":{"rendered":"<div id=\"hostal\" data-vc-full-width=\"true\" data-vc-full-width-init=\"false\" class=\"vc_row wpb_row vc_row-fluid vc_custom_1612352777146\"><div class=\"wpb_column vc_column_container vc_col-sm-12\"><div class=\"vc_column-inner\"><div class=\"wpb_wrapper\"> <h6 style=\"color:#a3a3a3; padding:px; text-align:center; font-size:12px; line-height:12px; letter-spacing: 2px; font-weight:lighter;\" class=\"nd_options_second_font\">Tome as devidas precau\u00e7\u00f5es e eduque-se bem para se proteger e cuidar das pessoas ao seu redor.<\/h6> <div style=\"background-color:; height: 10px;\" class=\"nicdark_section\"><\/div>\n    <div class=\"nd_options_section nd_options_line_height_0  nd_options_text_align_center\">\n        <span style=\"height:1px; width:30px; background-color:#f1f1f1;\" class=\"nd_options_display_inline_block\"><\/span>\n    <\/div>\n   <div style=\"background-color:; height: 30px;\" class=\"nicdark_section\"><\/div> <h1 style=\"color:; padding:px; text-align:center; font-size:55px; line-height:px; letter-spacing: px; font-weight:normal;\" class=\"nd_options_font_size_40_important_all_iphone nd_options_line_height_40_important_all_iphone nd_options_first_font\">PROTOCOLO COVID 19<\/h1> <div style=\"background-color:; height: 45px;\" class=\"nicdark_section\"><\/div><\/div><\/div><\/div><\/div><div class=\"vc_row-full-width vc_clearfix\"><\/div><div class=\"vc_row wpb_row vc_row-fluid\"><div class=\"wpb_column vc_column_container vc_col-sm-6\"><div class=\"vc_column-inner\"><div class=\"wpb_wrapper\">\n\t<div  class=\"wpb_single_image wpb_content_element vc_align_center\">\n\t\t\n\t\t<figure class=\"wpb_wrapper vc_figure\">\n\t\t\t<div class=\"vc_single_image-wrapper vc_box_border  vc_box_border_grey\"><img class=\"vc_single_image-img\" src=\"https:\/\/hostalcaulle.cl\/wp-content\/uploads\/2021\/02\/jk-558x300.jpg\" width=\"558\" height=\"300\" alt=\"jk\" title=\"jk\" \/><\/div>\n\t\t<\/figure>\n\t<\/div>\n<\/div><\/div><\/div><div class=\"wpb_column vc_column_container vc_col-sm-6\"><div class=\"vc_column-inner\"><div class=\"wpb_wrapper\">\n\t<div class=\"wpb_text_column wpb_content_element  vc_custom_1612909126359\" >\n\t\t<div class=\"wpb_wrapper\">\n\t\t\t<h2>Verificaremos sua temperatura toda vez que voc\u00ea entrar no albergue.<\/h2>\n<p>&nbsp;<\/p>\n<p style=\"text-align: justify;\">Pessoal autorizado realizar\u00e1 controles de temperatura n\u00e3o invasivos em h\u00f3spedes, clientes, fornecedores e trabalhadores usando term\u00f4metros digitais. Qualquer pessoa que apresentar temperatura acima de 37,5 \u00b0 C ser\u00e1 encaminhada a uma \u00e1rea privativa para um exame secund\u00e1rio de temperatura corporal. Se essa temperatura for mantida, voc\u00ea ser\u00e1 recomendado para comparecer a um centro m\u00e9dico e voc\u00ea n\u00e3o ter\u00e1 permiss\u00e3o para entrar no Hostel.<\/p>\n\n\t\t<\/div>\n\t<\/div>\n<\/div><\/div><\/div><\/div><div data-vc-full-width=\"true\" data-vc-full-width-init=\"false\" class=\"vc_row wpb_row vc_row-fluid vc_custom_1612908638291 vc_row-has-fill\"><div class=\"wpb_column vc_column_container vc_col-sm-6\"><div class=\"vc_column-inner vc_custom_1612908546667\"><div class=\"wpb_wrapper\">\n\t<div class=\"wpb_text_column wpb_content_element  vc_custom_1612908571162\" >\n\t\t<div class=\"wpb_wrapper\">\n\t\t\t<h2 class=\"wsite-content-title\">Desinfetamos seus cal\u00e7ados.<\/h2>\n<p>&nbsp;<\/p>\n<div class=\"paragraph\" style=\"text-align: justify;\">Na entrada de nossa pousada teremos desinfetantes para que voc\u00ea possa desinfetar seus sapatos.<\/div>\n\n\t\t<\/div>\n\t<\/div>\n<\/div><\/div><\/div><div class=\"wpb_column vc_column_container vc_col-sm-6\"><div class=\"vc_column-inner\"><div class=\"wpb_wrapper\">\n\t<div  class=\"wpb_single_image wpb_content_element vc_align_center\">\n\t\t\n\t\t<figure class=\"wpb_wrapper vc_figure\">\n\t\t\t<div class=\"vc_single_image-wrapper vc_box_border  vc_box_border_grey\"><img class=\"vc_single_image-img\" src=\"https:\/\/hostalcaulle.cl\/wp-content\/uploads\/2021\/02\/lkkl-558x300.jpg\" width=\"558\" height=\"300\" alt=\"lkkl\" title=\"lkkl\" \/><\/div>\n\t\t<\/figure>\n\t<\/div>\n<\/div><\/div><\/div><\/div><div class=\"vc_row-full-width vc_clearfix\"><\/div><div class=\"vc_row wpb_row vc_row-fluid\"><div class=\"wpb_column vc_column_container vc_col-sm-6\"><div class=\"vc_column-inner\"><div class=\"wpb_wrapper\">\n\t<div  class=\"wpb_single_image wpb_content_element vc_align_center\">\n\t\t\n\t\t<figure class=\"wpb_wrapper vc_figure\">\n\t\t\t<div class=\"vc_single_image-wrapper vc_box_border  vc_box_border_grey\"><img class=\"vc_single_image-img\" src=\"https:\/\/hostalcaulle.cl\/wp-content\/uploads\/2021\/02\/k-558x300.jpg\" width=\"558\" height=\"300\" alt=\"k\" title=\"k\" \/><\/div>\n\t\t<\/figure>\n\t<\/div>\n<\/div><\/div><\/div><div class=\"wpb_column vc_column_container vc_col-sm-6\"><div class=\"vc_column-inner\"><div class=\"wpb_wrapper\">\n\t<div class=\"wpb_text_column wpb_content_element\" >\n\t\t<div class=\"wpb_wrapper\">\n\t\t\t<h2 class=\"wsite-content-title\">Protocolos de limpeza<\/h2>\n<p>&nbsp;<\/p>\n<div class=\"paragraph\">\n<p style=\"text-align: justify;\">Limpeza de superf\u00edcies em \u00e1reas comuns: a desinfec\u00e7\u00e3o da recep\u00e7\u00e3o, corredores, banheiros e demais \u00e1reas comuns da pousada \u00e9 realizada seguindo protocolos, produtos e frequ\u00eancia de limpeza.<\/p>\n<p>&nbsp;<\/p>\n<p style=\"text-align: justify;\">Desinfec\u00e7\u00e3o dos quartos, malas \u00e0 chegada ao hostel e chaves dos quartos.<\/p>\n<p style=\"text-align: justify;\">Utilizamos tecnologia e produtos de limpeza de m\u00e1xima efic\u00e1cia em todas as superf\u00edcies, objetos e elementos decorativos, bem como protocolos clinicamente comprovados para a lavagem de tecidos.<\/p>\n<\/div>\n\n\t\t<\/div>\n\t<\/div>\n<\/div><\/div><\/div><\/div><div data-vc-full-width=\"true\" data-vc-full-width-init=\"false\" class=\"vc_row wpb_row vc_row-fluid vc_custom_1612908638291 vc_row-has-fill\"><div class=\"wpb_column vc_column_container vc_col-sm-6\"><div class=\"vc_column-inner vc_custom_1612908546667\"><div class=\"wpb_wrapper\">\n\t<div class=\"wpb_text_column wpb_content_element  vc_custom_1612909993167\" >\n\t\t<div class=\"wpb_wrapper\">\n\t\t\t<h2 class=\"wsite-content-title\"><span style=\"font-size: xx-large;\">Regras de distanciamento social<\/span><span style=\"font-size: x-large;\">.<\/span><\/h2>\n<p>&nbsp;<\/p>\n<div class=\"paragraph\" style=\"text-align: justify;\">Sinaliza\u00e7\u00e3o de seguran\u00e7a: criamos sinaliza\u00e7\u00e3o espec\u00edfica em todas as \u00e1reas comuns da pousada, lembrando-nos da necessidade de manter uma dist\u00e2ncia de seguran\u00e7a. Apoio ao pessoal: ajudar os clientes a implementar medidas em todas as \u00e1reas.<\/div>\n\n\t\t<\/div>\n\t<\/div>\n<\/div><\/div><\/div><div class=\"wpb_column vc_column_container vc_col-sm-6\"><div class=\"vc_column-inner\"><div class=\"wpb_wrapper\">\n\t<div  class=\"wpb_single_image wpb_content_element vc_align_center\">\n\t\t\n\t\t<figure class=\"wpb_wrapper vc_figure\">\n\t\t\t<div class=\"vc_single_image-wrapper vc_box_border  vc_box_border_grey\"><img class=\"vc_single_image-img\" src=\"https:\/\/hostalcaulle.cl\/wp-content\/uploads\/2021\/02\/ooo-558x372.jpg\" width=\"558\" height=\"372\" alt=\"ooo\" title=\"ooo\" \/><\/div>\n\t\t<\/figure>\n\t<\/div>\n<\/div><\/div><\/div><\/div><div class=\"vc_row-full-width vc_clearfix\"><\/div><div class=\"vc_row wpb_row vc_row-fluid\"><div class=\"wpb_column vc_column_container vc_col-sm-6\"><div class=\"vc_column-inner\"><div class=\"wpb_wrapper\">\n\t<div  class=\"wpb_single_image wpb_content_element vc_align_center\">\n\t\t\n\t\t<figure class=\"wpb_wrapper vc_figure\">\n\t\t\t<div class=\"vc_single_image-wrapper vc_box_border  vc_box_border_grey\"><img class=\"vc_single_image-img\" src=\"https:\/\/hostalcaulle.cl\/wp-content\/uploads\/2021\/02\/kpp-558x300.jpg\" width=\"558\" height=\"300\" alt=\"kpp\" title=\"kpp\" \/><\/div>\n\t\t<\/figure>\n\t<\/div>\n<\/div><\/div><\/div><div class=\"wpb_column vc_column_container vc_col-sm-6\"><div class=\"vc_column-inner\"><div class=\"wpb_wrapper\">\n\t<div class=\"wpb_text_column wpb_content_element  vc_custom_1612910194854\" >\n\t\t<div class=\"wpb_wrapper\">\n\t\t\t<h2 class=\"wsite-content-title\">Material de prote\u00e7\u00e3o pessoal<\/h2>\n<p>&nbsp;<\/p>\n<div class=\"paragraph\"><span style=\"color: #080b3d;\">Dispensadores de desinfetantes estar\u00e3o localizados nas entradas de todas as \u00e1reas de contato para trabalhadores, h\u00f3spedes e clientes.<\/span><\/div>\n\n\t\t<\/div>\n\t<\/div>\n<\/div><\/div><\/div><\/div>","protected":false},"excerpt":{"rendered":"Tome as devidas precau\u00e7\u00f5es e esteja bem informado para se proteger e cuidar de quem est\u00e1 ao seu redor. PROTOCOLO COVID 19 Verificaremos sua temperatura toda vez que voc\u00ea entrar no hostel. O pessoal autorizado realizar\u00e1 verifica\u00e7\u00f5es de temperatura n\u00e3o invasivas em h\u00f3spedes, clientes, fornecedores e trabalhadores usando term\u00f4metros digitais. Qualquer pessoa com temperatura acima de 37,5\u00b0C ser\u00e1 levada [...]","protected":false},"author":1,"featured_media":0,"parent":0,"menu_order":0,"comment_status":"closed","ping_status":"closed","template":"","meta":[],"_links":{"self":[{"href":"https:\/\/hostalcaulle.cl\/pt\/wp-json\/wp\/v2\/pages\/1977"}],"collection":[{"href":"https:\/\/hostalcaulle.cl\/pt\/wp-json\/wp\/v2\/pages"}],"about":[{"href":"https:\/\/hostalcaulle.cl\/pt\/wp-json\/wp\/v2\/types\/page"}],"author":[{"embeddable":true,"href":"https:\/\/hostalcaulle.cl\/pt\/wp-json\/wp\/v2\/users\/1"}],"replies":[{"embeddable":true,"href":"https:\/\/hostalcaulle.cl\/pt\/wp-json\/wp\/v2\/comments?post=1977"}],"version-history":[{"count":23,"href":"https:\/\/hostalcaulle.cl\/pt\/wp-json\/wp\/v2\/pages\/1977\/revisions"}],"predecessor-version":[{"id":2652,"href":"https:\/\/hostalcaulle.cl\/pt\/wp-json\/wp\/v2\/pages\/1977\/revisions\/2652"}],"wp:attachment":[{"href":"https:\/\/hostalcaulle.cl\/pt\/wp-json\/wp\/v2\/media?parent=1977"}],"curies":[{"name":"wp","href":"https:\/\/api.w.org\/{rel}","templated":true}]}}