{"id":433,"date":"2017-07-19T08:57:14","date_gmt":"2017-07-19T08:57:14","guid":{"rendered":"http:\/\/www.nicdarkthemes.com\/themes\/hotel\/wp\/demo\/?page_id=433"},"modified":"2021-08-31T16:41:05","modified_gmt":"2021-08-31T20:41:05","slug":"nosotros","status":"publish","type":"page","link":"https:\/\/hostalcaulle.cl\/pt\/nosotros\/","title":{"rendered":"N\u00f3s"},"content":{"rendered":"<div class=\"vc_row wpb_row vc_row-fluid\"><div class=\"wpb_column vc_column_container vc_col-sm-6\"><div class=\"vc_column-inner vc_custom_1467360650255\"><div class=\"wpb_wrapper\"> <h1 style=\"color:#727475; padding:px; text-align:; font-size:40px; line-height:50px; letter-spacing: px; font-weight:normal;\" class=\"nd_options_text_align_center_responsive_important nd_options_first_font\">N\u00f3s<\/h1> <div style=\"background-color:; height: 10px;\" class=\"nicdark_section\"><\/div><div style=\"background-color:; height: 10px;\" class=\"nicdark_section\"><\/div>\n\t<div class=\"wpb_text_column wpb_content_element  nd_options_text_align_center_responsive\" >\n\t\t<div class=\"wpb_wrapper\">\n\t\t\t<p style=\"text-align: justify;\"><span class=\"il\">casa de hospedagem<\/span> Caulle \u00e9 o resultado de um empreendimento local que come\u00e7ou a operar em 2016, localizado no cora\u00e7\u00e3o da cidade de R\u00edo Bueno, porta de entrada para a Bacia do Ranco. A partir daqui voc\u00ea pode acessar in\u00fameras atividades tur\u00edsticas como Rafting, Caiaque, Trekking, Pesca Recreativa e Esportiva, Turismo Cultural, entre outras.<\/p>\n\n\t\t<\/div>\n\t<\/div>\n<div style=\"background-color:; height: 10px;\" class=\"nicdark_section\"><\/div>\n\t<div class=\"wpb_text_column wpb_content_element  nd_options_text_align_center_responsive\" >\n\t\t<div class=\"wpb_wrapper\">\n\t\t\t<div class=\"gmail_default\" style=\"text-align: justify;\"><strong>Miss\u00e3o:\u00a0<\/strong><\/div>\n<div class=\"gmail_default\" style=\"text-align: justify;\">Nossa miss\u00e3o \u00e9 proporcionar aos nossos h\u00f3spedes um lugar confort\u00e1vel de hospedagem com um atendimento caloroso e de excel\u00eancia, conectando-os com a cultura e os atrativos tur\u00edsticos de nossa regi\u00e3o.<\/div>\n\n\t\t<\/div>\n\t<\/div>\n<\/div><\/div><\/div><div class=\"wpb_column vc_column_container vc_col-sm-6\"><div class=\"vc_column-inner vc_custom_1467207292391\"><div class=\"wpb_wrapper\"><div style=\"background-color:; height: 70px;\" class=\"nicdark_section\"><\/div>\n\t<div  class=\"wpb_single_image wpb_content_element vc_align_left\">\n\t\t\n\t\t<figure class=\"wpb_wrapper vc_figure\">\n\t\t\t<div class=\"vc_single_image-wrapper   vc_box_border_grey\"><img width=\"438\" height=\"148\" src=\"https:\/\/hostalcaulle.cl\/wp-content\/uploads\/2020\/12\/LOGO-HOSTAL.png\" class=\"vc_single_image-img attachment-full\" alt=\"\" loading=\"lazy\" title=\"LOGOTIPO DO HOTEL\" srcset=\"https:\/\/hostalcaulle.cl\/wp-content\/uploads\/2020\/12\/LOGO-HOSTAL.png 438w, https:\/\/hostalcaulle.cl\/wp-content\/uploads\/2020\/12\/LOGO-HOSTAL-300x101.png 300w\" sizes=\"(max-width: 438px) 100vw, 438px\" \/><\/div>\n\t\t<\/figure>\n\t<\/div>\n\n\t<div class=\"wpb_text_column wpb_content_element  nd_options_text_align_center_responsive\" >\n\t\t<div class=\"wpb_wrapper\">\n\t\t\t<div class=\"gmail_default\" style=\"text-align: justify;\"><strong>Vis\u00e3o:<\/strong><\/div>\n<div class=\"gmail_default\" style=\"text-align: justify;\">Nossa vis\u00e3o \u00e9 nos posicionar como um dos lugares preferidos de hospedagem na regi\u00e3o de Los R\u00edos, conquistando a fidelidade e o reconhecimento de nossos h\u00f3spedes e clientes.<\/div>\n\n\t\t<\/div>\n\t<\/div>\n\n\t<div class=\"wpb_text_column wpb_content_element\" >\n\t\t<div class=\"wpb_wrapper\">\n\t\t\t<p style=\"text-align: left;\"><strong>Equipe Hostal Caulle<\/strong><\/p>\n\n\t\t<\/div>\n\t<\/div>\n<\/div><\/div><\/div><\/div><div class=\"vc_row wpb_row vc_row-fluid vc_custom_1492510780167\"><div class=\"wpb_column vc_column_container vc_col-sm-4\"><div class=\"vc_column-inner\"><div class=\"wpb_wrapper\"><div style=\"background-color:; height: 10px;\" class=\"nicdark_section\"><\/div>\n\n  <!--START team-->\n  <div class=\"nd_options_team_component_l5 nd_options_section nd_options_box_sizing_border_box\">    \n    <div class=\"nd_options_section nd_options_position_relative\">\n\n      <img alt=\"\" class=\"nd_options_section\" src=\"https:\/\/hostalcaulle.cl\/wp-content\/uploads\/2017\/09\/square4-1.jpg\">\n\n      <div class=\"nd_options_bg_greydark_alpha_gradient_3 nd_options_position_absolute nd_options_left_0 nd_options_height_100_percentage nd_options_width_100_percentage nd_options_box_sizing_border_box\">\n        <div class=\"nd_options_position_absolute nd_options_bottom_30 nd_options_width_100_percentage nd_options_padding_botttom_0 nd_options_padding_50 nd_options_box_sizing_border_box nd_options_text_align_center\">\n          <h3 class=\"nd_options_color_white\">CAF\u00c9 DA MANH\u00c3<\/h3>\n          <div class=\"nd_options_section nd_options_height_10\"><\/div>\n          <h6 class=\"nd_options_color_white\"><strong>CAF\u00c9 DA MANH\u00c3 E JANTAR<\/strong><\/h6>\n        <\/div>\n      <\/div>\n\n    <\/div>\n  <\/div>\n  <!--END team-->\n<div style=\"background-color:; height: 10px;\" class=\"nicdark_section\"><\/div><\/div><\/div><\/div><div class=\"wpb_column vc_column_container vc_col-sm-4\"><div class=\"vc_column-inner\"><div class=\"wpb_wrapper\"><div style=\"background-color:; height: 10px;\" class=\"nicdark_section\"><\/div>\n\n  <!--START team-->\n  <div class=\"nd_options_team_component_l5 nd_options_section nd_options_box_sizing_border_box\">    \n    <div class=\"nd_options_section nd_options_position_relative\">\n\n      <img alt=\"\" class=\"nd_options_section\" src=\"https:\/\/hostalcaulle.cl\/wp-content\/uploads\/2017\/09\/square3-1.jpg\">\n\n      <div class=\"nd_options_bg_greydark_alpha_gradient_3 nd_options_position_absolute nd_options_left_0 nd_options_height_100_percentage nd_options_width_100_percentage nd_options_box_sizing_border_box\">\n        <div class=\"nd_options_position_absolute nd_options_bottom_30 nd_options_width_100_percentage nd_options_padding_botttom_0 nd_options_padding_50 nd_options_box_sizing_border_box nd_options_text_align_center\">\n          <h3 class=\"nd_options_color_white\">ALMO\u00c7OS<\/h3>\n          <div class=\"nd_options_section nd_options_height_10\"><\/div>\n          <h6 class=\"nd_options_color_white\"><strong>EM BREVE...<\/strong><\/h6>\n        <\/div>\n      <\/div>\n\n    <\/div>\n  <\/div>\n  <!--END team-->\n<div style=\"background-color:; height: 10px;\" class=\"nicdark_section\"><\/div><\/div><\/div><\/div><div class=\"wpb_column vc_column_container vc_col-sm-4\"><div class=\"vc_column-inner\"><div class=\"wpb_wrapper\"><div style=\"background-color:; height: 10px;\" class=\"nicdark_section\"><\/div>\n\n  <!--START team-->\n  <div class=\"nd_options_team_component_l5 nd_options_section nd_options_box_sizing_border_box\">    \n    <div class=\"nd_options_section nd_options_position_relative\">\n\n      <img alt=\"\" class=\"nd_options_section\" src=\"https:\/\/hostalcaulle.cl\/wp-content\/uploads\/2017\/09\/square3.jpg\">\n\n      <div class=\"nd_options_bg_greydark_alpha_gradient_3 nd_options_position_absolute nd_options_left_0 nd_options_height_100_percentage nd_options_width_100_percentage nd_options_box_sizing_border_box\">\n        <div class=\"nd_options_position_absolute nd_options_bottom_30 nd_options_width_100_percentage nd_options_padding_botttom_0 nd_options_padding_50 nd_options_box_sizing_border_box nd_options_text_align_center\">\n          <h3 class=\"nd_options_color_white\">SEGURAN\u00c7A<\/h3>\n          <div class=\"nd_options_section nd_options_height_10\"><\/div>\n          <h6 class=\"nd_options_color_white\"><strong>24 horas.<\/strong><\/h6>\n        <\/div>\n      <\/div>\n\n    <\/div>\n  <\/div>\n  <!--END team-->\n<div style=\"background-color:; height: 10px;\" class=\"nicdark_section\"><\/div><\/div><\/div><\/div><\/div><div data-vc-full-width=\"true\" data-vc-full-width-init=\"false\" data-vc-parallax=\"1.5\" data-vc-parallax-image=\"https:\/\/hostalcaulle.cl\/wp-content\/uploads\/2017\/09\/parallax5.jpg\" class=\"vc_row wpb_row vc_row-fluid nd_options_vc_parallax_filter_2_2 vc_custom_1504708151425 vc_row-has-fill vc_general vc_parallax vc_parallax-content-moving\"><div class=\"wpb_column vc_column_container vc_col-sm-8\"><div class=\"vc_column-inner\"><div class=\"wpb_wrapper\">\n\n\n    <div class=\"nd_options_section nd_options_position_relative nd_options_service_about_l5\">\n        <img alt=\"\" class=\"nd_options_position_absolute nd_options_left_0\" width=\"55\" src=\"\">\n        <div class=\"nd_options_section nd_options_padding_left_80 nd_options_box_sizing_border_box\">\n            <h1 class=\"nd_options_font_size_40 nd_options_line_height_50\" style=\"color:#ffffff;\"><strong>Caracter\u00edsticas da Pousada<\/strong><\/h1>\n        <\/div>\n    <\/div>\n\n\n  <div style=\"background-color:; height: 70px;\" class=\"nicdark_section\"><\/div><div class=\"vc_row wpb_row vc_inner vc_row-fluid\"><div class=\"wpb_column vc_column_container vc_col-sm-3\"><div class=\"vc_column-inner vc_custom_1469630269458\"><div class=\"wpb_wrapper\">\n \n  <script type=\"text\/javascript\">\n    \/\/<![CDATA[\n    \n    jQuery(document).ready(function() {\n\n      \/\/START counter\n      jQuery(function ($) {\n        \n        \/\/ start all the timers\n        $(\".nd_options_counter\").each(count);\n        \n        function count(options) {\n            var $this = $(this);\n            options = $.extend({}, options || {}, $this.data(\"countToOptions\") || {});\n            $this.countTo(options);\n        }\n\n      });\n      \/\/END counter\n\n    });\n\n    \/\/]]>\n  <\/script>\n\n  <h1 style=\"text-align:center; color:#ffffff; font-size:50px; \" class=\"nd_options_counter_component_l1 nd_options_font_weight_bolder nd_options_counter\" data-to=\"10\" data-speed=\"1000\">10<\/h1><div style=\"background-color:; height: 20px;\" class=\"nicdark_section\"><\/div> <p style=\"color:#ffffff; padding:px; text-align:center; font-size:15px; line-height:30px; letter-spacing: 2px; font-weight:lighter;\" class=\"nd_options_second_font\">QUARTOS<\/p> <\/div><\/div><\/div><div class=\"wpb_column vc_column_container vc_col-sm-3\"><div class=\"vc_column-inner vc_custom_1469630276028\"><div class=\"wpb_wrapper\">\n \n  <script type=\"text\/javascript\">\n    \/\/<![CDATA[\n    \n    jQuery(document).ready(function() {\n\n      \/\/START counter\n      jQuery(function ($) {\n        \n        \/\/ start all the timers\n        $(\".nd_options_counter\").each(count);\n        \n        function count(options) {\n            var $this = $(this);\n            options = $.extend({}, options || {}, $this.data(\"countToOptions\") || {});\n            $this.countTo(options);\n        }\n\n      });\n      \/\/END counter\n\n    });\n\n    \/\/]]>\n  <\/script>\n\n  <h1 style=\"text-align:center; color:#ffffff; font-size:50px; \" class=\"nd_options_counter_component_l1 nd_options_font_weight_bolder nd_options_counter\" data-to=\"4\" data-speed=\"1000\">4<\/h1><div style=\"background-color:; height: 20px;\" class=\"nicdark_section\"><\/div> <p style=\"color:#ffffff; padding:px; text-align:center; font-size:15px; line-height:30px; letter-spacing: 2px; font-weight:lighter;\" class=\"nd_options_second_font\">ANOS DE EXPERI\u00caNCIA<\/p> <\/div><\/div><\/div><div class=\"wpb_column vc_column_container vc_col-sm-3\"><div class=\"vc_column-inner vc_custom_1469630283566\"><div class=\"wpb_wrapper\">\n \n  <script type=\"text\/javascript\">\n    \/\/<![CDATA[\n    \n    jQuery(document).ready(function() {\n\n      \/\/START counter\n      jQuery(function ($) {\n        \n        \/\/ start all the timers\n        $(\".nd_options_counter\").each(count);\n        \n        function count(options) {\n            var $this = $(this);\n            options = $.extend({}, options || {}, $this.data(\"countToOptions\") || {});\n            $this.countTo(options);\n        }\n\n      });\n      \/\/END counter\n\n    });\n\n    \/\/]]>\n  <\/script>\n\n  <h1 style=\"text-align:center; color:#ffffff; font-size:50px; \" class=\"nd_options_counter_component_l1 nd_options_font_weight_bolder nd_options_counter\" data-to=\"15\" data-speed=\"1000\">15<\/h1><div style=\"background-color:; height: 20px;\" class=\"nicdark_section\"><\/div> <p style=\"color:#ffffff; padding:px; text-align:center; font-size:15px; line-height:30px; letter-spacing: 2px; font-weight:lighter;\" class=\"nd_options_second_font\">COLABORADORES<\/p> <\/div><\/div><\/div><div class=\"wpb_column vc_column_container vc_col-sm-3\"><div class=\"vc_column-inner vc_custom_1469630289168\"><div class=\"wpb_wrapper\">\n \n  <script type=\"text\/javascript\">\n    \/\/<![CDATA[\n    \n    jQuery(document).ready(function() {\n\n      \/\/START counter\n      jQuery(function ($) {\n        \n        \/\/ start all the timers\n        $(\".nd_options_counter\").each(count);\n        \n        function count(options) {\n            var $this = $(this);\n            options = $.extend({}, options || {}, $this.data(\"countToOptions\") || {});\n            $this.countTo(options);\n        }\n\n      });\n      \/\/END counter\n\n    });\n\n    \/\/]]>\n  <\/script>\n\n  <h1 style=\"text-align:center; color:#ffffff; font-size:50px; \" class=\"nd_options_counter_component_l1 nd_options_font_weight_bolder nd_options_counter\" data-to=\"700\" data-speed=\"1000\">700<\/h1><div style=\"background-color:; height: 20px;\" class=\"nicdark_section\"><\/div> <p style=\"color:#ffffff; padding:px; text-align:center; font-size:15px; line-height:30px; letter-spacing: 2px; font-weight:lighter;\" class=\"nd_options_second_font\">PASSAGEIROS<\/p> <\/div><\/div><\/div><\/div><\/div><\/div><\/div><div class=\"wpb_column vc_column_container vc_col-sm-4\"><div class=\"vc_column-inner\"><div class=\"wpb_wrapper\"><\/div><\/div><\/div><\/div><div class=\"vc_row-full-width vc_clearfix\"><\/div><div class=\"vc_row wpb_row vc_row-fluid vc_custom_1492509935473\"><div class=\"nd_options_text_align_center wpb_column vc_column_container vc_col-sm-1\"><div class=\"vc_column-inner\"><div class=\"wpb_wrapper\"><\/div><\/div><\/div><div class=\"wpb_column vc_column_container vc_col-sm-5\"><div class=\"vc_column-inner\"><div class=\"wpb_wrapper\"><div style=\"background-color:; height: 25px;\" class=\"nicdark_section\"><\/div>\n\n    <div class=\"nd_options_section nd_options_position_relative\">\n\n        <img style=\"top:10px;\" alt=\"\" class=\"nd_options_position_absolute nd_options_left_0\" width=\"50\" src=\"https:\/\/hostalcaulle.cl\/wp-content\/uploads\/2017\/07\/icon-13.png\">\n\n        <div style=\"padding-left:70px;\" class=\"nd_options_section nd_options_box_sizing_border_box\">\n            \n             \n            <p class=\"nd_options_second_font\" style=\"margin:0px 0px 15px 0px; color:#a3a3a3; font-size:14px;line-height:24px;\">Pergunte sobre o nosso servi\u00e7o de limpeza de quartos.<\/p> \n            <a class=\"nd_options_second_font nd_options_display_inline_block\" style=\"font-size:11px; line-height:11px; border-radius:0px; border:1px solid #f1f1f1; background-color:#ffffff; padding:8px 12px; color:#a3a3a3;\" rel=\"\"  href=\"#\">SERVI\u00c7O DE QUARTO<\/a>\n\n        <\/div>\n\n    <\/div>\n\n  <div style=\"background-color:; height: 50px;\" class=\"nicdark_section\"><\/div>\n\n    <div class=\"nd_options_section nd_options_position_relative\">\n\n        <img style=\"top:10px;\" alt=\"\" class=\"nd_options_position_absolute nd_options_left_0\" width=\"50\" src=\"https:\/\/hostalcaulle.cl\/wp-content\/uploads\/2017\/07\/icon-12-1.png\">\n\n        <div style=\"padding-left:70px;\" class=\"nd_options_section nd_options_box_sizing_border_box\">\n            \n             \n            <p class=\"nd_options_second_font\" style=\"margin:0px 0px 15px 0px; color:#a3a3a3; font-size:14px;line-height:24px;\">Desfrute da nossa zona Wi-Fi gratuita durante a sua estadia.<\/p> \n            <a class=\"nd_options_second_font nd_options_display_inline_block\" style=\"font-size:11px; line-height:11px; border-radius:0px; border:1px solid #f1f1f1; background-color:#ffffff; padding:8px 12px; color:#a3a3a3;\" rel=\"\"  href=\"#\">WIFI GR\u00c1TIS<\/a>\n\n        <\/div>\n\n    <\/div>\n\n  <div style=\"background-color:; height: 25px;\" class=\"nicdark_section\"><\/div><\/div><\/div><\/div><div class=\"wpb_column vc_column_container vc_col-sm-5\"><div class=\"vc_column-inner\"><div class=\"wpb_wrapper\"><div style=\"background-color:; height: 25px;\" class=\"nicdark_section\"><\/div>\n\n    <div class=\"nd_options_section nd_options_position_relative\">\n\n        <img style=\"top:10px;\" alt=\"\" class=\"nd_options_position_absolute nd_options_left_0\" width=\"50\" src=\"https:\/\/hostalcaulle.cl\/wp-content\/uploads\/2017\/07\/icon-11.png\">\n\n        <div style=\"padding-left:70px;\" class=\"nd_options_section nd_options_box_sizing_border_box\">\n            \n             \n            <p class=\"nd_options_second_font\" style=\"margin:0px 0px 15px 0px; color:#a3a3a3; font-size:14px;line-height:24px;\">Em breve teremos o servi\u00e7o de aluguer de bicicletas.<\/p> \n            <a class=\"nd_options_second_font nd_options_display_inline_block\" style=\"font-size:11px; line-height:11px; border-radius:0px; border:1px solid #f1f1f1; background-color:#ffffff; padding:8px 12px; color:#a3a3a3;\" rel=\"\"  href=\"#\">ALUGUEL DE BICICLETA<\/a>\n\n        <\/div>\n\n    <\/div>\n\n  <div style=\"background-color:; height: 50px;\" class=\"nicdark_section\"><\/div>\n\n    <div class=\"nd_options_section nd_options_position_relative\">\n\n        <img style=\"top:10px;\" alt=\"\" class=\"nd_options_position_absolute nd_options_left_0\" width=\"50\" src=\"https:\/\/hostalcaulle.cl\/wp-content\/uploads\/2017\/07\/icon-18.png\">\n\n        <div style=\"padding-left:70px;\" class=\"nd_options_section nd_options_box_sizing_border_box\">\n            \n             \n            <p class=\"nd_options_second_font\" style=\"margin:0px 0px 15px 0px; color:#a3a3a3; font-size:14px;line-height:24px;\">Alguns dos nossos quartos t\u00eam televis\u00e3o.<\/p> \n            <a class=\"nd_options_second_font nd_options_display_inline_block\" style=\"font-size:11px; line-height:11px; border-radius:0px; border:1px solid #f1f1f1; background-color:#ffffff; padding:8px 12px; color:#a3a3a3;\" rel=\"\"  href=\"#\">TELEVIS\u00c3O POR SAT\u00c9LITE<\/a>\n\n        <\/div>\n\n    <\/div>\n\n  <div style=\"background-color:; height: 25px;\" class=\"nicdark_section\"><\/div><\/div><\/div><\/div><div class=\"wpb_column vc_column_container vc_col-sm-1\"><div class=\"vc_column-inner\"><div class=\"wpb_wrapper\"><\/div><\/div><\/div><\/div><div class=\"vc_row wpb_row vc_row-fluid vc_custom_1492511016596\"><div class=\"nd_options_text_align_center wpb_column vc_column_container vc_col-sm-12\"><div class=\"vc_column-inner\"><div class=\"wpb_wrapper\">\n\t<div class=\"nd_options_section nd_options_text_align_center\">\n\t<a style=\"border: px solid ; border-radius:px; letter-spacing:2px; line-height:11px; font-size:11px; background-color:#78635a; padding:15px 35px; margin:; color:#ffffff;\" rel=\"\"  href=\"https:\/\/hostalcaulle.cl\/pt\/hostal-caulle\/\" class=\"nicdark_display_inline_block  nd_options_font_weight_bold nd_options_second_font\">VEJA TODAS AS CARACTER\u00cdSTICAS<\/a>\n\t<\/div>\n<\/div><\/div><\/div><\/div>","protected":false},"excerpt":{"rendered":"Sobre n\u00f3s Hostal Caulle \u00e9 o resultado de uma empresa local que come\u00e7ou a operar em 2016, localizada no cora\u00e7\u00e3o da cidade de R\u00edo Bueno, porta de entrada para a Bacia do Ranco. A partir daqui voc\u00ea pode acessar in\u00fameras atividades tur\u00edsticas como Rafting, Caiaque, Trekking, Pesca Recreativa e Esportiva, Turismo Cultural, entre outras.","protected":false},"author":1,"featured_media":0,"parent":0,"menu_order":0,"comment_status":"closed","ping_status":"closed","template":"","meta":[],"_links":{"self":[{"href":"https:\/\/hostalcaulle.cl\/pt\/wp-json\/wp\/v2\/pages\/433"}],"collection":[{"href":"https:\/\/hostalcaulle.cl\/pt\/wp-json\/wp\/v2\/pages"}],"about":[{"href":"https:\/\/hostalcaulle.cl\/pt\/wp-json\/wp\/v2\/types\/page"}],"author":[{"embeddable":true,"href":"https:\/\/hostalcaulle.cl\/pt\/wp-json\/wp\/v2\/users\/1"}],"replies":[{"embeddable":true,"href":"https:\/\/hostalcaulle.cl\/pt\/wp-json\/wp\/v2\/comments?post=433"}],"version-history":[{"count":27,"href":"https:\/\/hostalcaulle.cl\/pt\/wp-json\/wp\/v2\/pages\/433\/revisions"}],"predecessor-version":[{"id":2478,"href":"https:\/\/hostalcaulle.cl\/pt\/wp-json\/wp\/v2\/pages\/433\/revisions\/2478"}],"wp:attachment":[{"href":"https:\/\/hostalcaulle.cl\/pt\/wp-json\/wp\/v2\/media?parent=433"}],"curies":[{"name":"wp","href":"https:\/\/api.w.org\/{rel}","templated":true}]}}